{"id":462,"date":"2017-09-05T12:51:22","date_gmt":"2017-09-05T12:51:22","guid":{"rendered":"https:\/\/demo.mekshq.com\/pinhole\/dc\/?page_id=462"},"modified":"2022-03-12T13:04:41","modified_gmt":"2022-03-12T13:04:41","slug":"kamala-fontanals-cristol","status":"publish","type":"page","link":"https:\/\/kamalafontanals.es\/","title":{"rendered":"Kamala Fontanals, Cristol."},"content":{"rendered":"<h2 style=\"text-align: center;\">Kamala Fontanals<\/h2>\n<p style=\"text-align: center;\">TALLADO DE CRISTAL<\/p>\n<p style=\"text-align: center;\">El tallado de cristal personalizado, permite dar un aspecto \u00fanico a muchos objetos que utilizamos habitualmente, y tambi\u00e9n a personalizar aquellos que nos decoran nuestra casa.<\/p>\n<p style=\"text-align: center;\">El tallado manual y artesano de cristal,consigue dar un aspecto muy especial a la pieza que grabamos,como si de una joya se tratara,y sabes que no lo ver\u00e1s igual en ning\u00fan lugar,a no ser que escojas un dise\u00f1o copiado y te hayas inspirado en alguna fotograf\u00eda.<\/p>\n<p style=\"text-align: center;\">Es muy apropiado grabar en :<\/p>\n<p style=\"text-align: center;\">Vasos y tazas de cristal<br \/>\nCristaler\u00edas con iniciales<br \/>\nPlatos de cristal y bandejas<br \/>\nObjetos corporativos para empresas<br \/>\nObjetos de decoraci\u00f3n y de despacho<br \/>\nDiplomas, trofeos y copas deportivas.<br \/>\nCopas y bandejas para bodas y comuniones<\/p>\n","protected":false},"excerpt":{"rendered":"<p>Kamala Fontanals TALLADO DE CRISTAL El tallado de cristal personalizado, permite dar un aspecto \u00fanico a muchos objetos que utilizamos habitualmente, y tambi\u00e9n a personalizar aquellos que nos decoran nuestra casa. El tallado manual y artesano de cristal,consigue dar un aspecto muy especial a la pieza que grabamos,como si de una joya se tratara,y sabes [&hellip;]<\/p>\n","protected":false},"author":1,"featured_media":893,"parent":0,"menu_order":0,"comment_status":"closed","ping_status":"closed","template":"template-galleries.php","meta":[],"_links":{"self":[{"href":"https:\/\/kamalafontanals.es\/index.php\/wp-json\/wp\/v2\/pages\/462"}],"collection":[{"href":"https:\/\/kamalafontanals.es\/index.php\/wp-json\/wp\/v2\/pages"}],"about":[{"href":"https:\/\/kamalafontanals.es\/index.php\/wp-json\/wp\/v2\/types\/page"}],"author":[{"embeddable":true,"href":"https:\/\/kamalafontanals.es\/index.php\/wp-json\/wp\/v2\/users\/1"}],"replies":[{"embeddable":true,"href":"https:\/\/kamalafontanals.es\/index.php\/wp-json\/wp\/v2\/comments?post=462"}],"version-history":[{"count":5,"href":"https:\/\/kamalafontanals.es\/index.php\/wp-json\/wp\/v2\/pages\/462\/revisions"}],"predecessor-version":[{"id":918,"href":"https:\/\/kamalafontanals.es\/index.php\/wp-json\/wp\/v2\/pages\/462\/revisions\/918"}],"wp:featuredmedia":[{"embeddable":true,"href":"https:\/\/kamalafontanals.es\/index.php\/wp-json\/wp\/v2\/media\/893"}],"wp:attachment":[{"href":"https:\/\/kamalafontanals.es\/index.php\/wp-json\/wp\/v2\/media?parent=462"}],"curies":[{"name":"wp","href":"https:\/\/api.w.org\/{rel}","templated":true}]}}