{"id":33,"date":"2017-07-31T12:42:52","date_gmt":"2017-07-31T12:42:52","guid":{"rendered":"https:\/\/demo.mekshq.com\/pinhole\/dc\/?page_id=33"},"modified":"2022-02-16T11:03:24","modified_gmt":"2022-02-16T11:03:24","slug":"contacto","status":"publish","type":"page","link":"https:\/\/kamalafontanals.es\/index.php\/contacto\/","title":{"rendered":"Contacto"},"content":{"rendered":"\n<p><h2 style=\"text-align: center;\">Telefono: 674589388<br>Email: <a href=\"mailto:infocristol@yahoo.com\" target=\"_blank\" rel=\"noreferrer noopener\">infocristol@yahoo.com<\/a><\/h2><\/p>\n\n\n<h5 style=\"text-align: center;\">TARIFA DE PRECIOS<\/h5>\n<p style=\"text-align: center;\">TALLADO A MANO<br \/>* CUALQUIER OBJETO DE VIDRIO SE CONVIERTE EN UNA PEQUE\u00d1A JOYA *<br \/>TALLADOS PERSONALIZADOS Y POR ENCARGO<br \/>BODAS &#8211; BAUTIZOS &#8211; COMUNIONES &#8211; ANIVERSARIOS &#8211; COMPETICIONES DEPORTIVAS &#8211; EMPRESAS<\/p>\n<p style=\"text-align: center;\"><img loading=\"lazy\" class=\"alignnone wp-image-922 size-medium\" src=\"https:\/\/kamalafontanals.es\/wp-content\/uploads\/2022\/02\/precios-kamala-fontanals-300x123-1-300x123.png\" alt=\"\" width=\"300\" height=\"123\" srcset=\"https:\/\/kamalafontanals.es\/wp-content\/uploads\/2022\/02\/precios-kamala-fontanals-300x123-1-300x123.png 300w, https:\/\/kamalafontanals.es\/wp-content\/uploads\/2022\/02\/precios-kamala-fontanals-300x123-1-378x155.png 378w, https:\/\/kamalafontanals.es\/wp-content\/uploads\/2022\/02\/precios-kamala-fontanals-300x123-1-276x113.png 276w, https:\/\/kamalafontanals.es\/wp-content\/uploads\/2022\/02\/precios-kamala-fontanals-300x123-1.png 471w\" sizes=\"(max-width: 300px) 100vw, 300px\" \/><\/p>\n<p style=\"text-align: center;\">A ESTOS PRECIOS HABR\u00cdA QUE A\u00d1ADIRLE EL PRECIO DEL OBJETO A<br \/>TALLAR ( QUE EN MUCHAS OCASIONES LO APORTA EL MISMO CLIENTE ).<\/p>\n<p style=\"text-align: center;\">LOA GASTOS DE ENV\u00cdO PARA LA RECEPCI\u00d3N DEL OBJETO A TALLAR Y EL ENV\u00cdO POSTERIOR CORREN A CARGO DEL CLIENTE.<\/p>\n<p style=\"text-align: center;\">EN LOS PRECIOS DE TALLADO HABR\u00cdA QUE A\u00d1ADIR EL 21 % DE IVA.<\/p>\n<p style=\"text-align: center;\">SE RECOMIENDA SIEMPRE QUE EL CRISTAL DEL OBJETO A TALLAR SEA DE LA MEJOR CALIDAD POSIBLE.<\/p>\n<p style=\"text-align: center;\">PIDE TU PRESUPUESTO PERSONALIZADO SIN COMPROMISO!<\/p>\n<p style=\"text-align: center;\">REGALA ORIGINALIDAD Y DEMUESTRA TU AMOR CON UN OBJETO<br \/>\u00daNICO CREADO Y DISE\u00d1ADO POR TI.<\/p>","protected":false},"excerpt":{"rendered":"<p>Telefono: 674589388Email: infocristol@yahoo.com TARIFA DE PRECIOS TALLADO A MANO* CUALQUIER OBJETO DE VIDRIO SE CONVIERTE EN UNA PEQUE\u00d1A JOYA *TALLADOS PERSONALIZADOS Y POR ENCARGOBODAS &#8211; BAUTIZOS &#8211; COMUNIONES &#8211; ANIVERSARIOS &#8211; COMPETICIONES DEPORTIVAS &#8211; EMPRESAS A ESTOS PRECIOS HABR\u00cdA QUE A\u00d1ADIRLE EL PRECIO DEL OBJETO ATALLAR ( QUE EN MUCHAS OCASIONES LO APORTA EL MISMO [&hellip;]<\/p>\n","protected":false},"author":1,"featured_media":0,"parent":0,"menu_order":2,"comment_status":"closed","ping_status":"closed","template":"","meta":[],"_links":{"self":[{"href":"https:\/\/kamalafontanals.es\/index.php\/wp-json\/wp\/v2\/pages\/33"}],"collection":[{"href":"https:\/\/kamalafontanals.es\/index.php\/wp-json\/wp\/v2\/pages"}],"about":[{"href":"https:\/\/kamalafontanals.es\/index.php\/wp-json\/wp\/v2\/types\/page"}],"author":[{"embeddable":true,"href":"https:\/\/kamalafontanals.es\/index.php\/wp-json\/wp\/v2\/users\/1"}],"replies":[{"embeddable":true,"href":"https:\/\/kamalafontanals.es\/index.php\/wp-json\/wp\/v2\/comments?post=33"}],"version-history":[{"count":7,"href":"https:\/\/kamalafontanals.es\/index.php\/wp-json\/wp\/v2\/pages\/33\/revisions"}],"predecessor-version":[{"id":923,"href":"https:\/\/kamalafontanals.es\/index.php\/wp-json\/wp\/v2\/pages\/33\/revisions\/923"}],"wp:attachment":[{"href":"https:\/\/kamalafontanals.es\/index.php\/wp-json\/wp\/v2\/media?parent=33"}],"curies":[{"name":"wp","href":"https:\/\/api.w.org\/{rel}","templated":true}]}}